{"id":132,"date":"2017-06-27T15:15:35","date_gmt":"2017-06-27T13:15:35","guid":{"rendered":"http:\/\/www.schattenberg.at\/cms\/?page_id=132"},"modified":"2020-10-14T20:12:50","modified_gmt":"2020-10-14T18:12:50","slug":"fragebogen-homoeopathie","status":"publish","type":"page","link":"http:\/\/www.schattenberg.at\/cms\/fragebogen-homoeopathie\/","title":{"rendered":"Fragebogen Hom\u00f6opathie"},"content":{"rendered":"<h4><span style=\"font-size: 24pt; font-family: helvetica;\">Fragebogen hom\u00f6opathisches Erstgespr\u00e4ch<\/span><\/h4>\n<p>&nbsp;<\/p>\n<p><span style=\"font-family: helvetica;\">Gewisse Fragen &#8211; z.B. die Erkrankungen der Eltern und Gro\u00dfeltern &#8211; lassen sich im Vorfeld meist leichter kl\u00e4ren.<\/span><\/p>\n<p><span style=\"font-family: helvetica;\">Daher bitte ich Sie, vor dem Erstgespr\u00e4ch den unten stehenden Fragebogen herunterzuladen, auszudrucken und ausgef\u00fcllt zu Ihrem Erstgespr\u00e4chstermin mitzubringen.<\/span><\/p>\n<p><span style=\"font-family: helvetica;\">Es ist nicht notwendig, dass Sie mir den Fragebogen vor dem Erstgespr\u00e4chstermin schicken.<\/span><\/p>\n<p>&nbsp;<\/p>\n<p><span style=\"font-size: 18pt; font-family: 'arial black', 'avant garde'; color: #993300;\"><a style=\"color: #993300;\" href=\"http:\/\/www.schattenberg.at\/cms\/wp-content\/uploads\/2020\/10\/20012-Familienordination-Fragebogen_final.pdf\" target=\"_blank\" rel=\"noopener noreferrer\"><strong>\u25ba Fragebogen f\u00fcr Erwachsene und Kinder (Download)<\/strong><\/a><\/span><\/p>\n<p>&nbsp;<\/p>\n<p><span style=\"font-family: helvetica;\">Zus\u00e4tzlich w\u00fcrde ich Sie bitten etwaige bereits vorliegende <strong>Befunde<\/strong> zu Ihren Problemen, sowie bei Kindern den <strong>Mutter-Kind-Pass<\/strong> mitzubringen.<\/span><\/p>\n<p>&nbsp;<\/p>\n<p><span style=\"font-family: helvetica;\"><strong>Verhinderung \/ Terminabsage:<\/strong><\/span><br \/>\n<span style=\"font-family: helvetica;\">Sollten Sie aus irgendeinem Grund Ihren Erstgespr\u00e4chstermin <strong>nicht einhalten<\/strong> k\u00f6nnen, dann bitten wir Sie, diesen <strong>mindestens eine Woche davor abzusagen.<\/strong> Bei kurzfristiger Absage &#8211; wenn es nicht m\u00f6glich ist, einen anderen Patienten einzuteilen &#8211; m\u00fcssen wir die veranschlagte Zeit in Rechnung stellen.<\/span><\/p>\n<p>&nbsp;<\/p>\n","protected":false},"excerpt":{"rendered":"<p>Fragebogen hom\u00f6opathisches Erstgespr\u00e4ch &nbsp; Gewisse Fragen &#8211; z.B. die Erkrankungen der Eltern und Gro\u00dfeltern &#8211; lassen sich im Vorfeld meist leichter kl\u00e4ren. Daher bitte ich Sie, vor dem Erstgespr\u00e4ch den unten stehenden Fragebogen herunterzuladen, auszudrucken und ausgef\u00fcllt zu Ihrem Erstgespr\u00e4chstermin mitzubringen. Es ist nicht notwendig, dass Sie mir den Fragebogen &hellip;<\/p>\n","protected":false},"author":1,"featured_media":219,"parent":0,"menu_order":0,"comment_status":"closed","ping_status":"closed","template":"","meta":[],"_links":{"self":[{"href":"http:\/\/www.schattenberg.at\/cms\/wp-json\/wp\/v2\/pages\/132"}],"collection":[{"href":"http:\/\/www.schattenberg.at\/cms\/wp-json\/wp\/v2\/pages"}],"about":[{"href":"http:\/\/www.schattenberg.at\/cms\/wp-json\/wp\/v2\/types\/page"}],"author":[{"embeddable":true,"href":"http:\/\/www.schattenberg.at\/cms\/wp-json\/wp\/v2\/users\/1"}],"replies":[{"embeddable":true,"href":"http:\/\/www.schattenberg.at\/cms\/wp-json\/wp\/v2\/comments?post=132"}],"version-history":[{"count":13,"href":"http:\/\/www.schattenberg.at\/cms\/wp-json\/wp\/v2\/pages\/132\/revisions"}],"predecessor-version":[{"id":459,"href":"http:\/\/www.schattenberg.at\/cms\/wp-json\/wp\/v2\/pages\/132\/revisions\/459"}],"wp:featuredmedia":[{"embeddable":true,"href":"http:\/\/www.schattenberg.at\/cms\/wp-json\/wp\/v2\/media\/219"}],"wp:attachment":[{"href":"http:\/\/www.schattenberg.at\/cms\/wp-json\/wp\/v2\/media?parent=132"}],"curies":[{"name":"wp","href":"https:\/\/api.w.org\/{rel}","templated":true}]}}