{"id":274,"date":"2017-08-13T15:12:52","date_gmt":"2017-08-13T13:12:52","guid":{"rendered":"http:\/\/www.schattenberg.at\/cms\/?page_id=274"},"modified":"2020-10-03T19:33:31","modified_gmt":"2020-10-03T17:33:31","slug":"fragebogen-gesundenuntersuchung","status":"publish","type":"page","link":"http:\/\/www.schattenberg.at\/cms\/fragebogen-gesundenuntersuchung\/","title":{"rendered":"Fragebogen Gesundenuntersuchung"},"content":{"rendered":"<p><span style=\"font-family: helvetica;\">Bitte bringen Sie zu Ihrem Gesundenuntersuchungs-Termin Folgendes mit:<\/span><\/p>\n<p>&nbsp;<\/p>\n<ul>\n<li><span style=\"font-family: helvetica;\"><strong><a href=\"http:\/\/www.schattenberg.at\/cms\/wp-content\/uploads\/2017\/06\/Anamnesefragebogen-Vorsorgeuntersuchung1.pdf\">Anamnesefragebogen Vorsorgeuntersuchung (Download)<\/a><\/strong><\/span><\/li>\n<li><span style=\"font-family: helvetica;\"><strong><a href=\"http:\/\/www.schattenberg.at\/cms\/wp-content\/uploads\/2017\/06\/Alkoholfragebogen-Vorsorgeuntersuchung1.pdf\">Alkoholfragebogen Vorsorgeuntersuchung (Download)<\/a><\/strong><\/span><\/li>\n<li><span style=\"font-family: helvetica;\">eine <strong>Harnprobe<\/strong> Ihres morgendlichen Mittelstrahlharns (Einen Harnbecher bekommen Sie bei der Anmeldung im Sekretariat.)<\/span><\/li>\n<li><span style=\"font-family: helvetica;\"><strong>H\u00e4moccult<\/strong>-Briefchen mit Stuhlproben von 3 unterschiedlichen Tagen (Den H\u00e4moccult-Test bekommen Sie ebenfalls im Sekretariat bei Ihrer Anmeldung.)<\/span><\/li>\n<li><span style=\"font-family: helvetica;\"><strong>E-Card-Ersatzbeleg <\/strong>f\u00fcr die Abrechnung Ihrer Gesundenuntersuchung mit Ihrer Krankenkasse. (Ab dem 18.Lebensjahr werden die Kosten einer Gesundenuntersuchung 1x j\u00e4hrlich von der Krankenkasse \u00fcbernommen. Damit eine Gesundenuntersuchung f\u00fcr Sie kostenfrei erfolgen kann, ben\u00f6tigen wir jedoch einen solchen Beleg, den Sie im Vorfeld bei Ihrer Versicherung anfordern k\u00f6nnen. Wenn Sie bei der GKK versichert sind, k\u00f6nnen Sie einen solchen Beleg unter 05-7807-173900 telefonisch anfordern.)<\/span><\/li>\n<\/ul>\n","protected":false},"excerpt":{"rendered":"<p>Bitte bringen Sie zu Ihrem Gesundenuntersuchungs-Termin Folgendes mit: &nbsp; Anamnesefragebogen Vorsorgeuntersuchung (Download) Alkoholfragebogen Vorsorgeuntersuchung (Download) eine Harnprobe Ihres morgendlichen Mittelstrahlharns (Einen Harnbecher bekommen Sie bei der Anmeldung im Sekretariat.) H\u00e4moccult-Briefchen mit Stuhlproben von 3 unterschiedlichen Tagen (Den H\u00e4moccult-Test bekommen Sie ebenfalls im Sekretariat bei Ihrer Anmeldung.) E-Card-Ersatzbeleg f\u00fcr die Abrechnung &hellip;<\/p>\n","protected":false},"author":1,"featured_media":214,"parent":0,"menu_order":0,"comment_status":"closed","ping_status":"closed","template":"","meta":[],"_links":{"self":[{"href":"http:\/\/www.schattenberg.at\/cms\/wp-json\/wp\/v2\/pages\/274"}],"collection":[{"href":"http:\/\/www.schattenberg.at\/cms\/wp-json\/wp\/v2\/pages"}],"about":[{"href":"http:\/\/www.schattenberg.at\/cms\/wp-json\/wp\/v2\/types\/page"}],"author":[{"embeddable":true,"href":"http:\/\/www.schattenberg.at\/cms\/wp-json\/wp\/v2\/users\/1"}],"replies":[{"embeddable":true,"href":"http:\/\/www.schattenberg.at\/cms\/wp-json\/wp\/v2\/comments?post=274"}],"version-history":[{"count":5,"href":"http:\/\/www.schattenberg.at\/cms\/wp-json\/wp\/v2\/pages\/274\/revisions"}],"predecessor-version":[{"id":370,"href":"http:\/\/www.schattenberg.at\/cms\/wp-json\/wp\/v2\/pages\/274\/revisions\/370"}],"wp:featuredmedia":[{"embeddable":true,"href":"http:\/\/www.schattenberg.at\/cms\/wp-json\/wp\/v2\/media\/214"}],"wp:attachment":[{"href":"http:\/\/www.schattenberg.at\/cms\/wp-json\/wp\/v2\/media?parent=274"}],"curies":[{"name":"wp","href":"https:\/\/api.w.org\/{rel}","templated":true}]}}