{"id":85,"date":"2017-06-23T14:19:01","date_gmt":"2017-06-23T12:19:01","guid":{"rendered":"http:\/\/www.schattenberg.at\/cms\/?page_id=85"},"modified":"2020-10-03T19:44:59","modified_gmt":"2020-10-03T17:44:59","slug":"ueber-mich","status":"publish","type":"page","link":"http:\/\/www.schattenberg.at\/cms\/ueber-mich\/","title":{"rendered":"\u00dcber mich"},"content":{"rendered":"<p><span style=\"font-family: helvetica;\"><strong>Dr. Gudrun SCHATTENBERG<\/strong><\/span><\/p>\n<p><img loading=\"lazy\" class=\"alignnone size-medium wp-image-119\" src=\"http:\/\/www.schattenberg.at\/cms\/wp-content\/uploads\/2017\/06\/FRF666999-237x300.png\" alt=\"\" width=\"237\" height=\"300\" srcset=\"http:\/\/www.schattenberg.at\/cms\/wp-content\/uploads\/2017\/06\/FRF666999-237x300.png 237w, http:\/\/www.schattenberg.at\/cms\/wp-content\/uploads\/2017\/06\/FRF666999.png 250w\" sizes=\"(max-width: 237px) 100vw, 237px\" \/><\/p>\n<p><span style=\"font-family: helvetica;\">Geboren 20. J\u00e4nner 1987 in Linz, Staatsangeh\u00f6rigkeit: \u00d6sterreich<\/span><\/p>\n<table border=\"0\" width=\"100%\" cellpadding=\"3\">\n<tbody>\n<tr>\n<td valign=\"top\" width=\"197\"><span style=\"font-family: helvetica;\">1994 &#8211; 2005<\/span><\/td>\n<td valign=\"top\" width=\"1684\"><span style=\"font-family: helvetica;\">Volksschule und neusprachliches Gymnasium der Kreuzschwestern Linz<\/span><\/td>\n<\/tr>\n<tr>\n<td valign=\"top\" width=\"197\"><span style=\"font-family: helvetica;\">2005 &#8211; 2011<\/span><\/td>\n<td valign=\"top\"><span style=\"font-family: helvetica;\">Medizinische Universit\u00e4t Wien und Paris (Descartes)<\/span><br \/>\n<span style=\"font-family: helvetica;\">Hospitationen in Australien (Fremantle) und Neuseeland (Wellington)<\/span><br \/>\n<span style=\"font-family: helvetica;\">Promotion August 2011<\/span><\/td>\n<\/tr>\n<tr>\n<td valign=\"top\" width=\"197\"><span style=\"font-family: helvetica;\">2008 &#8211; 2011<\/span><\/td>\n<td valign=\"top\"><span style=\"font-family: helvetica;\">Diplomarbeit &#8211; Thema \u201e<em>Einfluss der Serotonin Wiederaufnahme auf Hirnfunktion und \u2013anatomie<\/em>\u201c \u00a0Universit\u00e4tsklinik f\u00fcr Psychiatrie und Psychotherapie (AKH Wien) und Institut f\u00fcr Pharmakologie<\/span><\/td>\n<\/tr>\n<tr>\n<td valign=\"top\" width=\"197\"><span style=\"font-family: helvetica;\">Seit 2006<\/span><\/td>\n<td valign=\"top\"><span style=\"font-family: helvetica;\">Besch\u00e4ftigung mit der Hom\u00f6opathie durch Seminare im In- und Ausland<\/span><\/td>\n<\/tr>\n<tr>\n<td valign=\"top\"><span style=\"font-family: helvetica;\">2012 &#8211; 2015<\/span><\/td>\n<td valign=\"top\"><span style=\"font-family: helvetica;\">Turnusausbildung zum <strong>Arzt f\u00fcr Allgemeinmedizin<\/strong> im Landeskrankenhaus V\u00f6cklabruck und der Hom\u00f6opathischen Gemeinschaftspraxis Gmunden unter Supervision von Dr. Abermann<\/span><\/td>\n<\/tr>\n<tr>\n<td valign=\"top\" width=\"197\"><span style=\"font-family: helvetica;\">Seit 2016<\/span><br \/>\n<span style=\"font-family: helvetica;\"><img loading=\"lazy\" src=\"http:\/\/www.aefh.at\/images\/leer1.gif\" alt=\"\" width=\"110\" height=\"2\" \/><\/span><\/td>\n<td valign=\"top\"><span style=\"font-family: helvetica;\">Selbst\u00e4ndige T\u00e4tigkeit als Wahl\u00e4rztin f\u00fcr Allgemeinmedizin und Hom\u00f6opathie in Gmunden<\/span><br \/>\n<span style=\"font-family: helvetica;\">Nebenberufliche T\u00e4tigkeit im Asylzentrum St. Georgen und der Betreuungsstelle Schwarzenbergkaserne Salzburg<\/span><br \/>\n<span style=\"font-family: helvetica;\">\u00c4rztenotdienste Bezirk Linz und V\u00f6cklabruck<\/span><\/td>\n<\/tr>\n<\/tbody>\n<\/table>\n<table width=\"100%\" cellpadding=\"3\">\n<tbody>\n<tr>\n<td colspan=\"2\" valign=\"top\"><span style=\"font-family: helvetica;\"><strong>Hom\u00f6opathische Ausbildung:<\/strong><\/span><\/td>\n<\/tr>\n<tr>\n<td colspan=\"2\" valign=\"top\"><span style=\"font-family: helvetica;\">Seit 2006 laufende Fortbildungen bei anerkannten Hom\u00f6opathen im In- und Ausland.<\/span><\/td>\n<\/tr>\n<tr>\n<td valign=\"top\" width=\"197\"><span style=\"font-family: helvetica;\">2006 &#8211; 2011<\/span><\/td>\n<td valign=\"top\" width=\"1684\"><span style=\"font-family: helvetica;\">Ausbildung SIH Wien (Dr. Abermann, Dr. Bitschnau, Dr. Flick, Heudens-Mast, Dr. K\u00f6nig, Dr. Peinbauer, Dr. Righetti, Dr. Spring, Dr. Winter, Dr. W\u00f6lfel, Dr. Zorzi)<\/span><\/td>\n<\/tr>\n<tr>\n<td valign=\"top\" width=\"197\"><span style=\"font-family: helvetica;\">2006 &#8211; 2011<\/span><\/td>\n<td valign=\"top\"><span style=\"font-family: helvetica;\">laufende Teilnahme an hom\u00f6opathischen Arbeitskreisen Wien<\/span><\/td>\n<\/tr>\n<tr>\n<td valign=\"top\" width=\"197\"><span style=\"font-family: helvetica;\">2010<\/span><\/td>\n<td valign=\"top\"><span style=\"font-family: helvetica;\">Lehrpraxis Dr. Flick<\/span><br \/>\n<span style=\"font-family: helvetica;\">Hospitation Dr. Abermann<\/span><\/td>\n<\/tr>\n<tr>\n<td valign=\"top\" width=\"197\"><span style=\"font-family: helvetica;\">2012<\/span><\/td>\n<td valign=\"top\"><span style=\"font-family: helvetica;\">Lehrpraxis Dr. Abermann<\/span><br \/>\n<span style=\"font-family: helvetica;\">Hospitation Dr. Patel \u2013 hom\u00f6opathische Klinik f\u00fcr Krebserkrankungen \u2013 Kottayam, Kerala, Indien<\/span><\/td>\n<\/tr>\n<tr>\n<td valign=\"top\"><span style=\"font-family: helvetica;\">2012 &#8211; 2014<\/span><\/td>\n<td valign=\"top\"><span style=\"font-family: helvetica;\">Ausbildung \u00c4rztegesellschaft f\u00fcr klassische Hom\u00f6opathie, Linz<\/span><\/td>\n<\/tr>\n<tr>\n<td valign=\"top\" width=\"197\"><span style=\"font-family: helvetica;\">Seit 2012<\/span><\/td>\n<td valign=\"top\"><span style=\"font-family: helvetica;\">div. Seminare (Heudens Mast (Salzburg, Deutschland, Belgien), Dr. Frei, Dr. Campora, Pinnacle Seminar (London), LIGA Kongress (Paris)<\/span><\/td>\n<\/tr>\n<tr>\n<td valign=\"top\" width=\"197\"><span style=\"font-family: helvetica;\">2014<\/span><\/td>\n<td valign=\"top\"><span style=\"font-family: helvetica;\">Bed-side-teaching Dr. Pareek Agra Indien (Hom\u00f6opathie bei schweren chron. Erkrankungen)<\/span><\/td>\n<\/tr>\n<tr>\n<td valign=\"top\"><span style=\"font-family: helvetica;\">2015<\/span><br \/>\n<span style=\"font-family: helvetica;\"><img loading=\"lazy\" src=\"http:\/\/www.aefh.at\/images\/leer1.gif\" alt=\"\" width=\"110\" height=\"2\" \/><\/span><\/td>\n<td valign=\"top\"><span style=\"font-family: helvetica;\">Hospitationen bei verschiedenen indischen Hom\u00f6opathen (Dr. Vijajakar, Dr. Master, Dr. Sankaran)<\/span><br \/>\n<span style=\"font-family: helvetica;\">Teilnahme am Projekt \u201eHomeopathy for Health in Africa\u201c in Tansania<\/span><br \/>\n<span style=\"font-family: helvetica;\">(<a href=\"http:\/\/www.homeopathyforhealthinafrica.org\/\"><strong>www.homeopathyforhealthinafrica.org<\/strong><\/a>) zur erg\u00e4nzenden hom\u00f6opathischen Behandlung von HIV Patienten u.a. schweren Erkrankungen<\/span><br \/>\n<span style=\"font-family: helvetica;\">Hospitation Dr. Saine (Montreal, Kanada)<\/span><\/td>\n<\/tr>\n<\/tbody>\n<\/table>\n<p><span style=\"font-family: helvetica;\"><strong><br \/>\nMeine wichtigsten Lehrer in der Hom\u00f6opathie: <\/strong><\/span><br \/>\n<span style=\"font-family: helvetica;\">Dr. Christoph Abermann<\/span><br \/>\n<span style=\"font-family: helvetica;\">Henny Heudens-Mast (Belgien)<\/span><br \/>\n<span style=\"font-family: helvetica;\">Dr. Alok Pareek (Indien)<\/span><br \/>\n<span style=\"font-family: helvetica;\">Dr. Gopal Patel (Indien)<\/span><br \/>\n<span style=\"font-family: helvetica;\">Dr. Andr\u00e9 Saine (Canada)<\/span><br \/>\n<span style=\"font-family: helvetica;\">Jeremy Sherr (Tansania)<\/span><\/p>\n<p><span style=\"font-family: helvetica;\">Zus\u00e4tzliche Ausbildungen:<\/span><br \/>\n<span style=\"font-family: helvetica;\">Europ\u00e4isches Notarztdiplom Linz 2014<\/span><br \/>\n<span style=\"font-family: helvetica;\">Sexualmedizin 2011-2013<\/span><\/p>\n","protected":false},"excerpt":{"rendered":"<p>Dr. Gudrun SCHATTENBERG Geboren 20. J\u00e4nner 1987 in Linz, Staatsangeh\u00f6rigkeit: \u00d6sterreich 1994 &#8211; 2005 Volksschule und neusprachliches Gymnasium der Kreuzschwestern Linz 2005 &#8211; 2011 Medizinische Universit\u00e4t Wien und Paris (Descartes) Hospitationen in Australien (Fremantle) und Neuseeland (Wellington) Promotion August 2011 2008 &#8211; 2011 Diplomarbeit &#8211; Thema \u201eEinfluss der Serotonin Wiederaufnahme &hellip;<\/p>\n","protected":false},"author":1,"featured_media":64,"parent":0,"menu_order":0,"comment_status":"closed","ping_status":"closed","template":"","meta":[],"_links":{"self":[{"href":"http:\/\/www.schattenberg.at\/cms\/wp-json\/wp\/v2\/pages\/85"}],"collection":[{"href":"http:\/\/www.schattenberg.at\/cms\/wp-json\/wp\/v2\/pages"}],"about":[{"href":"http:\/\/www.schattenberg.at\/cms\/wp-json\/wp\/v2\/types\/page"}],"author":[{"embeddable":true,"href":"http:\/\/www.schattenberg.at\/cms\/wp-json\/wp\/v2\/users\/1"}],"replies":[{"embeddable":true,"href":"http:\/\/www.schattenberg.at\/cms\/wp-json\/wp\/v2\/comments?post=85"}],"version-history":[{"count":5,"href":"http:\/\/www.schattenberg.at\/cms\/wp-json\/wp\/v2\/pages\/85\/revisions"}],"predecessor-version":[{"id":384,"href":"http:\/\/www.schattenberg.at\/cms\/wp-json\/wp\/v2\/pages\/85\/revisions\/384"}],"wp:featuredmedia":[{"embeddable":true,"href":"http:\/\/www.schattenberg.at\/cms\/wp-json\/wp\/v2\/media\/64"}],"wp:attachment":[{"href":"http:\/\/www.schattenberg.at\/cms\/wp-json\/wp\/v2\/media?parent=85"}],"curies":[{"name":"wp","href":"https:\/\/api.w.org\/{rel}","templated":true}]}}