{"id":98,"date":"2017-06-23T14:29:59","date_gmt":"2017-06-23T12:29:59","guid":{"rendered":"http:\/\/www.schattenberg.at\/cms\/?page_id=98"},"modified":"2020-10-05T20:42:07","modified_gmt":"2020-10-05T18:42:07","slug":"homoeopathie","status":"publish","type":"page","link":"http:\/\/www.schattenberg.at\/cms\/homoeopathie\/","title":{"rendered":"Was ist Hom\u00f6opathie?"},"content":{"rendered":"<p><span style=\"font-family: helvetica;\">Zur Einf\u00fchrung in die Hom\u00f6opathie folgen nun zwei Artikel, die Dr. Abermann f\u00fcr die &#8222;Salzkammergut \u2013 Rundschau&#8220; im Herbst 2001 geschrieben hat:<\/span><\/p>\n<p><span style=\"font-family: helvetica;\"><strong>Was ist Hom\u00f6opathie?<\/strong><\/span><\/p>\n<p><span style=\"font-family: helvetica;\">H\u00e4ufig wird der Begriff &#8222;Hom\u00f6opathie&#8220; von Laien &#8211; aber auch von vielen \u00c4rzten \u2013 mit unterschiedlichen Therapieverfahren wie z. B. Bachbl\u00fcten, Bioresonanzmethode, Pflanzentherapie, Sch\u00fcssler-Salze, Biofeedback usw. in Verbindung gebracht. Die sogenannte &#8222;klassische&#8220; Hom\u00f6opathie, die hier ausschlie\u00dflich beschrieben werden soll, hat mit diesen Methoden allerdings nichts gemeinsam. Sie geht auf den Arzt Dr. Samuel Hahnemann (1755-1843) zur\u00fcck, der vor etwa 200 Jahren das sogenannte \u00c4hnlichkeitsgesetz (&#8222;\u00c4hnliches soll durch \u00c4hnliches geheilt werden&#8220;) entdeckte, auf dem die klassische Hom\u00f6opathie bis heute beruht. Es besagt, dass kranken Menschen mit bestimmten Symptomen durch dasjenige Arzneimittel geholfen werden kann, das bei einer Pr\u00fcfung an Gesunden genau diese Symptome hervorruft. Ein Beispiel zur Erl\u00e4uterung: Bekommt ein Patient einen Rotlauf, der so \u00e4hnlich aussieht und schmerzt, als h\u00e4tte ihn an der betroffenen Stelle eine Biene gestochen, dann wird ein klassischer Hom\u00f6opath diesem Apis verschreiben, das ist dasjenige hom\u00f6opathische Mittel, das aus der Biene hergestellt wird.<\/span><\/p>\n<p><span style=\"font-family: helvetica;\">Bevor also eine hom\u00f6opathische Arznei verschrieben werden kann, muss ihre Wirkung an gesunden Testpersonen gepr\u00fcft werden (sogenannte Arzneimittelpr\u00fcfung). Im Gegensatz dazu werden Studien in der Schulmedizin immer an kranken Menschen durchgef\u00fchrt.<\/span><br \/>\n<span style=\"font-family: helvetica;\">Ein weiterer entscheidender Unterschied zur Schulmedizin besteht darin, dass der Hom\u00f6opath f\u00fcr jeden Patienten individuell seinen Symptomen entsprechend eine Arznei sucht. Gehen z.B. zehn Patienten mit Neurodermitis zum selben Hautarzt, dann wird dieser allen zehn dieselbe oder eine \u00e4hnliche Salbe verschreiben; kommen diese zehn Patienten zu einem klassischen Hom\u00f6opathen, so wird er jedem der zehn eine andere Arznei verschreiben \u2013 jeweils entsprechend den Beschwerden des einzelnen. Dabei wird jedoch nicht nur die Hautbeschwerde, sondern auch alle anderen Symptome des Patienten \/ der Patientin f\u00fcr die Wahl des richtigen Arzneimittels herangezogen. Das ist der Grund, weshalb ein hom\u00f6opathisches Erstgespr\u00e4ch so lange dauert (etwa zwei Stunden). Nur eine Verschreibung, die ein solches ausf\u00fchrliches Erstgespr\u00e4ch zur Grundlage hat, wird auf lange Sicht erfolgreich sein. Hingegen helfen sogenannte Komplexmittel (hom\u00f6opathische Mischpr\u00e4parate) meist \u2013 wenn \u00fcberhaupt \u2013 nur kurzfristig.<\/span><\/p>\n<p><span style=\"font-family: helvetica;\">Insgesamt gibt es \u00fcber 3000 verschiedene hom\u00f6opathische Arzneimittel; die meisten stammen aus dem Pflanzen-, Tier-, und Mineralreich. Bei der Herstellung wird die Ausgangssubstanz in einem genau definierten Vorgang immer wieder mit einem Wasser \u2013 Alkoholgemisch verd\u00fcnnt und versch\u00fcttelt, sodass schlie\u00dflich in hom\u00f6opathischen Hochpotenzen nichts von der Ausgangssubstanz mehr vorhanden ist. Warum hom\u00f6opathische Mittel trotzdem so gut wirken, ist bisher ungekl\u00e4rt; jedoch gibt es dazu interessante Erkl\u00e4rungsmodelle der modernen Physik. Mit einem Placeboeffekt hat diese Methode, auch wenn dies des\u00f6ftern von Kritikern und Gegnern der Hom\u00f6opathie behauptet wird, nichts gemein &#8211; die Heilwirkung der hom\u00f6opathischen Arzneien bei S\u00e4uglingen und Kindern, sowie in der Tiermedizin bezeugen das.<\/span><\/p>\n<p><span style=\"font-family: helvetica;\">Siehe auch:<\/span><br \/>\n<span style=\"font-family: helvetica;\">&#8211; M\u00f6glichkeiten in der Therapie akuter und chronischer Krankheiten und die<\/span><br \/>\n<span style=\"font-family: helvetica;\">Grenzen der klassischen Hom\u00f6opathie<\/span><br \/>\n<span style=\"font-family: helvetica;\">&#8211; K\u00f6nnen hom\u00f6opathische Arzneien schaden?<\/span><\/p>\n","protected":false},"excerpt":{"rendered":"<p>Zur Einf\u00fchrung in die Hom\u00f6opathie folgen nun zwei Artikel, die Dr. Abermann f\u00fcr die &#8222;Salzkammergut \u2013 Rundschau&#8220; im Herbst 2001 geschrieben hat: Was ist Hom\u00f6opathie? H\u00e4ufig wird der Begriff &#8222;Hom\u00f6opathie&#8220; von Laien &#8211; aber auch von vielen \u00c4rzten \u2013 mit unterschiedlichen Therapieverfahren wie z. B. Bachbl\u00fcten, Bioresonanzmethode, Pflanzentherapie, Sch\u00fcssler-Salze, Biofeedback &hellip;<\/p>\n","protected":false},"author":1,"featured_media":213,"parent":0,"menu_order":0,"comment_status":"closed","ping_status":"closed","template":"","meta":[],"_links":{"self":[{"href":"http:\/\/www.schattenberg.at\/cms\/wp-json\/wp\/v2\/pages\/98"}],"collection":[{"href":"http:\/\/www.schattenberg.at\/cms\/wp-json\/wp\/v2\/pages"}],"about":[{"href":"http:\/\/www.schattenberg.at\/cms\/wp-json\/wp\/v2\/types\/page"}],"author":[{"embeddable":true,"href":"http:\/\/www.schattenberg.at\/cms\/wp-json\/wp\/v2\/users\/1"}],"replies":[{"embeddable":true,"href":"http:\/\/www.schattenberg.at\/cms\/wp-json\/wp\/v2\/comments?post=98"}],"version-history":[{"count":3,"href":"http:\/\/www.schattenberg.at\/cms\/wp-json\/wp\/v2\/pages\/98\/revisions"}],"predecessor-version":[{"id":385,"href":"http:\/\/www.schattenberg.at\/cms\/wp-json\/wp\/v2\/pages\/98\/revisions\/385"}],"wp:featuredmedia":[{"embeddable":true,"href":"http:\/\/www.schattenberg.at\/cms\/wp-json\/wp\/v2\/media\/213"}],"wp:attachment":[{"href":"http:\/\/www.schattenberg.at\/cms\/wp-json\/wp\/v2\/media?parent=98"}],"curies":[{"name":"wp","href":"https:\/\/api.w.org\/{rel}","templated":true}]}}